{"id":181,"date":"2014-01-09T19:40:42","date_gmt":"2014-01-09T19:40:42","guid":{"rendered":"http:\/\/localhost\/i-create\/?page_id=181"},"modified":"2024-09-07T22:22:30","modified_gmt":"2024-09-07T22:22:30","slug":"gallery","status":"publish","type":"page","link":"http:\/\/www.institutomacuco.com.br\/novo-site\/?page_id=181","title":{"rendered":"Projetos"},"content":{"rendered":"<div class=\"tx-blog tx-post-row tx-masonry\"><div class=\"tx-blog-item tx-post-col-4\"><div class=\"tx-border-box\"><div class=\"tx-blog-imgpad\"><\/div><div class=\"tx-post-content\"><h3 class=\"tx-post-title\"><a href=\"http:\/\/www.institutomacuco.com.br\/novo-site\/?p=1329\">Museu da Sustentabilidade<\/a><\/h3><div class=\"tx-category\"><a href=\"http:\/\/www.institutomacuco.com.br\/novo-site\/?cat=3\" rel=\"category\">Publica\u00e7\u00f5es<\/a><\/div><div class=\"tx-blog-content\">Instituto Macuco, projeto premiado &#8211; Museu da Sustentabilidade. \u00a0O pavilh\u00e3o do ar e da terra A an\u00e1lise cuidadosa do s\u00edtio foi fundamental para a concep\u00e7\u00e3o da Casa da Sustentabilidade. Atrav\u00e9s do aproveitamento&lt;a class=&quot;moretag&quot; href=&quot;http:\/\/www.institutomacuco.com.br\/novo-site\/?p=1329&quot;&gt;Read More...&lt;\/a&gt;<\/div><div class=\"tx-meta\"><span class=\"tx-author\">By : <a href=\"http:\/\/www.institutomacuco.com.br\/novo-site\/?author=1\">admin<\/a><\/span><span class=\"tx-date\"> | maio 17, 2016<\/span><\/div><\/div><\/div><\/div><div class=\"tx-blog-item tx-post-col-4\"><div class=\"tx-border-box\"><div class=\"tx-blog-imgpad\"><\/div><div class=\"tx-post-content\"><h3 class=\"tx-post-title\"><a href=\"http:\/\/www.institutomacuco.com.br\/novo-site\/?p=1155\">Programa de Recupera\u00e7\u00e3o da Bacia Hidrogr\u00e1fica do Ribeir\u00e3o Lagoa Nova<\/a><\/h3><div class=\"tx-category\"><a href=\"http:\/\/www.institutomacuco.com.br\/novo-site\/?cat=3\" rel=\"category\">Publica\u00e7\u00f5es<\/a><\/div><div class=\"tx-blog-content\">Programa de Recupera\u00e7\u00e3o da Bacia Hidrogr\u00e1fica do Ribeir\u00e3o Lagoa Nova A Associa\u00e7\u00e3o de Moradores do Jardim Aeroporto e o Instituto Macuco elaboraram um projeto de recupera\u00e7\u00e3o e preserva\u00e7\u00e3o da Bacia do Ribeir\u00e3o&lt;a class=&quot;moretag&quot; href=&quot;http:\/\/www.institutomacuco.com.br\/novo-site\/?p=1155&quot;&gt;Read More...&lt;\/a&gt;<\/div><div class=\"tx-meta\"><span class=\"tx-author\">By : <a href=\"http:\/\/www.institutomacuco.com.br\/novo-site\/?author=1\">admin<\/a><\/span><span class=\"tx-date\"> | jan 12, 2016<\/span><\/div><\/div><\/div><\/div><div class=\"tx-blog-item tx-post-col-4\"><div class=\"tx-border-box\"><div class=\"tx-blog-imgpad\"><\/div><div class=\"tx-post-content\"><h3 class=\"tx-post-title\"><a href=\"http:\/\/www.institutomacuco.com.br\/novo-site\/?p=931\">Polo Educa\u00e7\u00e3o Ambiental Pq. Muncipal Benem\u00e9rito Jos\u00e9 Br\u00e1s<\/a><\/h3><div class=\"tx-category\"><a href=\"http:\/\/www.institutomacuco.com.br\/novo-site\/?cat=3\" rel=\"category\">Publica\u00e7\u00f5es<\/a><\/div><div class=\"tx-blog-content\">Por meio do Edital 11\/2014 \u2013 FEMA\/SVMA, o Instituto Macuco est\u00e1 desenvolvendo o\u00a0Projeto de cria\u00e7\u00e3o do Polo de Educa\u00e7\u00e3o Ambiental\u00a0no\u00a0Parque Municipal Benem\u00e9rito Jos\u00e9 Br\u00e1s\u00a0(Subprefeitura da Mooca). O Projeto t\u00eam por\u00a0objetivo\u00a0produzir e compartilhar&lt;a class=&quot;moretag&quot; href=&quot;http:\/\/www.institutomacuco.com.br\/novo-site\/?p=931&quot;&gt;Read More...&lt;\/a&gt;<\/div><div class=\"tx-meta\"><span class=\"tx-author\">By : <a href=\"http:\/\/www.institutomacuco.com.br\/novo-site\/?author=1\">admin<\/a><\/span><span class=\"tx-date\"> | out 16, 2015<\/span><\/div><\/div><\/div><\/div><div class=\"tx-blog-item tx-post-col-4\"><div class=\"tx-border-box\"><div class=\"tx-blog-imgpad\"><\/div><div class=\"tx-post-content\"><h3 class=\"tx-post-title\"><a href=\"http:\/\/www.institutomacuco.com.br\/novo-site\/?p=878\">Polo de Educa\u00e7\u00e3o Ambiental Pq. Municipal Pinheirinho D&#8217;\u00e1gua<\/a><\/h3><div class=\"tx-category\"><a href=\"http:\/\/www.institutomacuco.com.br\/novo-site\/?cat=3\" rel=\"category\">Publica\u00e7\u00f5es<\/a><\/div><div class=\"tx-blog-content\">O Instituto Macuco est\u00e1 desenvolvendo o\u00a0Projeto de cria\u00e7\u00e3o do Polo de Educa\u00e7\u00e3o Ambiental\u00a0 no\u00a0\u00a0Parque Municipal Pinheirinho d\u2019 \u00c1gua\u00a0(Subprefeitura Pirituba\/Jaragu\u00e1).\u00a0O Projeto t\u00eam por\u00a0objetivo\u00a0produzir e compartilhar conhecimentos interdisciplinares, valores e habilidades que estimulem a&lt;a class=&quot;moretag&quot; href=&quot;http:\/\/www.institutomacuco.com.br\/novo-site\/?p=878&quot;&gt;Read More...&lt;\/a&gt;<\/div><div class=\"tx-meta\"><span class=\"tx-author\">By : <a href=\"http:\/\/www.institutomacuco.com.br\/novo-site\/?author=1\">admin<\/a><\/span><span class=\"tx-date\"> | out 7, 2015<\/span><\/div><\/div><\/div><\/div><\/div><div class=\"nx-paging\"><div class=\"nx-paging-inner\"><span aria-current=\"page\" class=\"page-numbers current\">1<\/span>\n<a class=\"page-numbers\" href=\"http:\/\/www.institutomacuco.com.br\/novo-site\/index.php\/?paged=2&#038;rest_route=%2Fwp%2Fv2%2Fpages%2F181\">2<\/a>\n<a class=\"next page-numbers\" href=\"http:\/\/www.institutomacuco.com.br\/novo-site\/index.php\/?paged=2&#038;rest_route=%2Fwp%2Fv2%2Fpages%2F181\">&raquo;<\/a><\/div><\/div>\n","protected":false},"excerpt":{"rendered":"","protected":false},"author":1,"featured_media":0,"parent":0,"menu_order":0,"comment_status":"open","ping_status":"open","template":"page-sidebar.php","meta":{"ngg_post_thumbnail":0},"acf":[],"_links":{"self":[{"href":"http:\/\/www.institutomacuco.com.br\/novo-site\/index.php?rest_route=\/wp\/v2\/pages\/181"}],"collection":[{"href":"http:\/\/www.institutomacuco.com.br\/novo-site\/index.php?rest_route=\/wp\/v2\/pages"}],"about":[{"href":"http:\/\/www.institutomacuco.com.br\/novo-site\/index.php?rest_route=\/wp\/v2\/types\/page"}],"author":[{"embeddable":true,"href":"http:\/\/www.institutomacuco.com.br\/novo-site\/index.php?rest_route=\/wp\/v2\/users\/1"}],"replies":[{"embeddable":true,"href":"http:\/\/www.institutomacuco.com.br\/novo-site\/index.php?rest_route=%2Fwp%2Fv2%2Fcomments&post=181"}],"version-history":[{"count":17,"href":"http:\/\/www.institutomacuco.com.br\/novo-site\/index.php?rest_route=\/wp\/v2\/pages\/181\/revisions"}],"predecessor-version":[{"id":834,"href":"http:\/\/www.institutomacuco.com.br\/novo-site\/index.php?rest_route=\/wp\/v2\/pages\/181\/revisions\/834"}],"wp:attachment":[{"href":"http:\/\/www.institutomacuco.com.br\/novo-site\/index.php?rest_route=%2Fwp%2Fv2%2Fmedia&parent=181"}],"curies":[{"name":"wp","href":"https:\/\/api.w.org\/{rel}","templated":true}]}}