{"id":334,"date":"2014-02-20T00:05:03","date_gmt":"2014-02-20T00:05:03","guid":{"rendered":"http:\/\/localhost\/i-create\/?page_id=334"},"modified":"2015-10-16T00:02:05","modified_gmt":"2015-10-16T00:02:05","slug":"front-page","status":"publish","type":"page","link":"http:\/\/www.institutomacuco.com.br\/novo-site\/","title":{"rendered":"Inicial"},"content":{"rendered":"<h2 style=\"text-align: center; font-weight: 500; margin-bottom: 6px; font-size: 26px; margin-top: 6px;\"><\/h2>\n<h2 style=\"text-align: center; font-weight: 500; margin-bottom: 6px; font-size: 26px;\"><div class=\"tx-row \"><\/h2>\n<h2 style=\"font-weight: 500;margin-bottom: 6px;font-size: 26px;text-align: center\">Publica\u00e7\u00f5es Recentes<\/h2>\n<p style=\"text-align: center\">Confira aqui os projetos, publica\u00e7\u00f5es e not\u00edcias<\/p>\n<p style=\"text-align: center\"><div class=\"tx-blog tx-post-row tx-carousel\" data-columns=\"3\"><div class=\"tx-blog-item tx-post-col-3\"><div class=\"tx-border-box\"><div class=\"tx-blog-imgpad\"><\/div><div class=\"tx-post-content\"><h3 class=\"tx-post-title\"><a href=\"http:\/\/www.institutomacuco.com.br\/novo-site\/?p=1383\">Escrit\u00f3rio Verde<\/a><\/h3><div class=\"tx-category\"><a href=\"http:\/\/www.institutomacuco.com.br\/novo-site\/?cat=1\" rel=\"category\">Uncategorized<\/a><\/div><div class=\"tx-blog-content\">Projeto Escrit\u00f3rio Verde As formas de trabalhar e estudar mudaram radicalmente no \u00faltimo s\u00e9culo: com a internet e os novos meios de comunica\u00e7\u00e3o n\u00e3o \u00e9 mais necess\u00e1ria a presen\u00e7a f\u00edsica do indiv\u00edduo&lt;a class=&quot;moretag&quot; href=&quot;http:\/\/www.institutomacuco.com.br\/novo-site\/?p=1383&quot;&gt;Read More...&lt;\/a&gt;<\/div><div class=\"tx-meta\"><span class=\"tx-author\">By : <a href=\"http:\/\/www.institutomacuco.com.br\/novo-site\/?author=1\">admin<\/a><\/span><span class=\"tx-date\"> | maio 23, 2016<\/span><\/div><\/div><\/div><\/div><div class=\"tx-blog-item tx-post-col-3\"><div class=\"tx-border-box\"><div class=\"tx-blog-imgpad\"><\/div><div class=\"tx-post-content\"><h3 class=\"tx-post-title\"><a href=\"http:\/\/www.institutomacuco.com.br\/novo-site\/?p=1329\">Museu da Sustentabilidade<\/a><\/h3><div class=\"tx-category\"><a href=\"http:\/\/www.institutomacuco.com.br\/novo-site\/?cat=3\" rel=\"category\">Publica\u00e7\u00f5es<\/a><\/div><div class=\"tx-blog-content\">Instituto Macuco, projeto premiado &#8211; Museu da Sustentabilidade. \u00a0O pavilh\u00e3o do ar e da terra A an\u00e1lise cuidadosa do s\u00edtio foi fundamental para a concep\u00e7\u00e3o da Casa da Sustentabilidade. Atrav\u00e9s do aproveitamento&lt;a class=&quot;moretag&quot; href=&quot;http:\/\/www.institutomacuco.com.br\/novo-site\/?p=1329&quot;&gt;Read More...&lt;\/a&gt;<\/div><div class=\"tx-meta\"><span class=\"tx-author\">By : <a href=\"http:\/\/www.institutomacuco.com.br\/novo-site\/?author=1\">admin<\/a><\/span><span class=\"tx-date\"> | maio 17, 2016<\/span><\/div><\/div><\/div><\/div><div class=\"tx-blog-item tx-post-col-3\"><div class=\"tx-border-box\"><div class=\"tx-blog-imgpad\"><\/div><div class=\"tx-post-content\"><h3 class=\"tx-post-title\"><a href=\"http:\/\/www.institutomacuco.com.br\/novo-site\/?p=1155\">Programa de Recupera\u00e7\u00e3o da Bacia Hidrogr\u00e1fica do Ribeir\u00e3o Lagoa Nova<\/a><\/h3><div class=\"tx-category\"><a href=\"http:\/\/www.institutomacuco.com.br\/novo-site\/?cat=3\" rel=\"category\">Publica\u00e7\u00f5es<\/a><\/div><div class=\"tx-blog-content\">Programa de Recupera\u00e7\u00e3o da Bacia Hidrogr\u00e1fica do Ribeir\u00e3o Lagoa Nova A Associa\u00e7\u00e3o de Moradores do Jardim Aeroporto e o Instituto Macuco elaboraram um projeto de recupera\u00e7\u00e3o e preserva\u00e7\u00e3o da Bacia do Ribeir\u00e3o&lt;a class=&quot;moretag&quot; href=&quot;http:\/\/www.institutomacuco.com.br\/novo-site\/?p=1155&quot;&gt;Read More...&lt;\/a&gt;<\/div><div class=\"tx-meta\"><span class=\"tx-author\">By : <a href=\"http:\/\/www.institutomacuco.com.br\/novo-site\/?author=1\">admin<\/a><\/span><span class=\"tx-date\"> | jan 12, 2016<\/span><\/div><\/div><\/div><\/div><div class=\"tx-blog-item tx-post-col-3\"><div class=\"tx-border-box\"><div class=\"tx-blog-imgpad\"><\/div><div class=\"tx-post-content\"><h3 class=\"tx-post-title\"><a href=\"http:\/\/www.institutomacuco.com.br\/novo-site\/?p=931\">Polo Educa\u00e7\u00e3o Ambiental Pq. Muncipal Benem\u00e9rito Jos\u00e9 Br\u00e1s<\/a><\/h3><div class=\"tx-category\"><a href=\"http:\/\/www.institutomacuco.com.br\/novo-site\/?cat=3\" rel=\"category\">Publica\u00e7\u00f5es<\/a><\/div><div class=\"tx-blog-content\">Por meio do Edital 11\/2014 \u2013 FEMA\/SVMA, o Instituto Macuco est\u00e1 desenvolvendo o\u00a0Projeto de cria\u00e7\u00e3o do Polo de Educa\u00e7\u00e3o Ambiental\u00a0no\u00a0Parque Municipal Benem\u00e9rito Jos\u00e9 Br\u00e1s\u00a0(Subprefeitura da Mooca). O Projeto t\u00eam por\u00a0objetivo\u00a0produzir e compartilhar&lt;a class=&quot;moretag&quot; href=&quot;http:\/\/www.institutomacuco.com.br\/novo-site\/?p=931&quot;&gt;Read More...&lt;\/a&gt;<\/div><div class=\"tx-meta\"><span class=\"tx-author\">By : <a href=\"http:\/\/www.institutomacuco.com.br\/novo-site\/?author=1\">admin<\/a><\/span><span class=\"tx-date\"> | out 16, 2015<\/span><\/div><\/div><\/div><\/div><div class=\"tx-blog-item tx-post-col-3\"><div class=\"tx-border-box\"><div class=\"tx-blog-imgpad\"><\/div><div class=\"tx-post-content\"><h3 class=\"tx-post-title\"><a href=\"http:\/\/www.institutomacuco.com.br\/novo-site\/?p=878\">Polo de Educa\u00e7\u00e3o Ambiental Pq. Municipal Pinheirinho D&#8217;\u00e1gua<\/a><\/h3><div class=\"tx-category\"><a href=\"http:\/\/www.institutomacuco.com.br\/novo-site\/?cat=3\" rel=\"category\">Publica\u00e7\u00f5es<\/a><\/div><div class=\"tx-blog-content\">O Instituto Macuco est\u00e1 desenvolvendo o\u00a0Projeto de cria\u00e7\u00e3o do Polo de Educa\u00e7\u00e3o Ambiental\u00a0 no\u00a0\u00a0Parque Municipal Pinheirinho d\u2019 \u00c1gua\u00a0(Subprefeitura Pirituba\/Jaragu\u00e1).\u00a0O Projeto t\u00eam por\u00a0objetivo\u00a0produzir e compartilhar conhecimentos interdisciplinares, valores e habilidades que estimulem a&lt;a class=&quot;moretag&quot; href=&quot;http:\/\/www.institutomacuco.com.br\/novo-site\/?p=878&quot;&gt;Read More...&lt;\/a&gt;<\/div><div class=\"tx-meta\"><span class=\"tx-author\">By : <a href=\"http:\/\/www.institutomacuco.com.br\/novo-site\/?author=1\">admin<\/a><\/span><span class=\"tx-date\"> | out 7, 2015<\/span><\/div><\/div><\/div><\/div><div class=\"tx-blog-item tx-post-col-3\"><div class=\"tx-border-box\"><div class=\"tx-blog-imgpad\"><\/div><div class=\"tx-post-content\"><h3 class=\"tx-post-title\"><a href=\"http:\/\/www.institutomacuco.com.br\/novo-site\/?p=813\">GEST\u00c3O CONTEMPOR\u00c2NEA DOS RES\u00cdDUOS S\u00d3LIDOS<\/a><\/h3><div class=\"tx-category\"><a href=\"http:\/\/www.institutomacuco.com.br\/novo-site\/?cat=3\" rel=\"category\">Publica\u00e7\u00f5es<\/a><\/div><div class=\"tx-blog-content\">Esta publica\u00e7\u00e3o \u00e9 mais uma contribui\u00e7\u00e3o para o debate e socializa\u00e7\u00e3o das boas pr\u00e1ticas que tem norteado as a\u00e7\u00f5es do Instituto Macuco ao longo de sua trajet\u00f3ria desde a cria\u00e7\u00e3o em 2002,&lt;a class=&quot;moretag&quot; href=&quot;http:\/\/www.institutomacuco.com.br\/novo-site\/?p=813&quot;&gt;Read More...&lt;\/a&gt;<\/div><div class=\"tx-meta\"><span class=\"tx-author\">By : <a href=\"http:\/\/www.institutomacuco.com.br\/novo-site\/?author=1\">admin<\/a><\/span><span class=\"tx-date\"> | set 17, 2015<\/span><\/div><\/div><\/div><\/div><\/div>\n<\/div>\n<p>&nbsp;<\/p>\n","protected":false},"excerpt":{"rendered":"<p>&nbsp;<\/p>\n","protected":false},"author":1,"featured_media":0,"parent":581,"menu_order":0,"comment_status":"closed","ping_status":"closed","template":"page-sidebar.php","meta":{"ngg_post_thumbnail":0},"acf":[],"_links":{"self":[{"href":"http:\/\/www.institutomacuco.com.br\/novo-site\/index.php?rest_route=\/wp\/v2\/pages\/334"}],"collection":[{"href":"http:\/\/www.institutomacuco.com.br\/novo-site\/index.php?rest_route=\/wp\/v2\/pages"}],"about":[{"href":"http:\/\/www.institutomacuco.com.br\/novo-site\/index.php?rest_route=\/wp\/v2\/types\/page"}],"author":[{"embeddable":true,"href":"http:\/\/www.institutomacuco.com.br\/novo-site\/index.php?rest_route=\/wp\/v2\/users\/1"}],"replies":[{"embeddable":true,"href":"http:\/\/www.institutomacuco.com.br\/novo-site\/index.php?rest_route=%2Fwp%2Fv2%2Fcomments&post=334"}],"version-history":[{"count":33,"href":"http:\/\/www.institutomacuco.com.br\/novo-site\/index.php?rest_route=\/wp\/v2\/pages\/334\/revisions"}],"predecessor-version":[{"id":620,"href":"http:\/\/www.institutomacuco.com.br\/novo-site\/index.php?rest_route=\/wp\/v2\/pages\/334\/revisions\/620"}],"up":[{"embeddable":true,"href":"http:\/\/www.institutomacuco.com.br\/novo-site\/index.php?rest_route=\/wp\/v2\/pages\/581"}],"wp:attachment":[{"href":"http:\/\/www.institutomacuco.com.br\/novo-site\/index.php?rest_route=%2Fwp%2Fv2%2Fmedia&parent=334"}],"curies":[{"name":"wp","href":"https:\/\/api.w.org\/{rel}","templated":true}]}}