{"id":581,"date":"2013-12-27T17:05:39","date_gmt":"2013-12-27T17:05:39","guid":{"rendered":"http:\/\/localhost\/i-create\/?page_id=69"},"modified":"2017-07-11T16:20:56","modified_gmt":"2017-07-11T16:20:56","slug":"about-us","status":"publish","type":"page","link":"http:\/\/www.institutomacuco.com.br\/novo-site\/?page_id=581","title":{"rendered":"Quem Somos"},"content":{"rendered":"<p>Instituto Macuco, com sede na cidade de S\u00e3o Paulo SP, pessoa jur\u00eddica\u00a0de direito privado, sem finalidade lucrativa, criada no ano de 2002. Entidade voltada para o terceiro setor, com com a finalidade de produzir e implementar projetos nas \u00e1reas s\u00f3cio-ambiental, t\u00e9cnico ambiental &#8211; prote\u00e7\u00e3o ao meio ambiente, sa\u00fade, educa\u00e7\u00e3o, cultura, comunica\u00e7\u00e3o, cidadania, direitos humanos, pol\u00edticas estrat\u00e9gicas e programas institucionais de \u00f3rg\u00e3os p\u00fablicos e organiza\u00e7\u00f5es n\u00e3o governamentais.<\/p>\n<p>As a\u00e7\u00f5es e atividades do Instituto Macuco s\u00e3o desenvolvidas por seus membros, que constituem sua Diretoria, al\u00e9m de contar com um corpo de consultores e colaboradores que re\u00fanem experi\u00eancias e conhecimento em diversas \u00e1reas de atua\u00e7\u00e3o. Conta ainda com volunt\u00e1rios e colaboradores vinculados a projetos espec\u00edficos e n\u00e3o possui empregados contratados e permanentes.<\/p>\n<p>Como institui\u00e7\u00e3o do Terceiro Setor, o Instituto nasceu da iniciativa de um grupo de profissionais e ambientalistas que observou a necessidade de uma organiza\u00e7\u00e3o com capacidade profissional visando \u00e0 melhoria da qualidade de vida da sociedade em geral.<\/p>\n<p>No contato tanto com o setor p\u00fablico quanto com o setor privado o Instituto busca contribuir para a implementa\u00e7\u00e3o e execu\u00e7\u00e3o conjunta de projetos &#8211; e tamb\u00e9m oferecer consultoria para treinamento e pesquisa nas \u00e1reas correlatas ao que se prop\u00f5e.<\/p>\n<p>Pesquisar as condi\u00e7\u00f5es de exist\u00eancia e os problemas vitais da sociedade, atuar pelo ensino e pelo exemplo, formar pessoal capacitado para colaborar na crescente melhoria da qualidade geral de vida, fiscalizar as a\u00e7\u00f5es da administra\u00e7\u00e3o p\u00fablica e privada, discutir com a sociedade id\u00e9ias, conceitos e f\u00f3rmulas s\u00e3o tamb\u00e9m as propostas do Instituto.<\/p>\n","protected":false},"excerpt":{"rendered":"<p>Instituto Macuco, com sede na cidade de S\u00e3o Paulo SP, pessoa jur\u00eddica\u00a0de direito privado, sem finalidade lucrativa, criada no ano de 2002. Entidade voltada para o terceiro setor, com com a finalidade<a class=\"moretag\" href=\"http:\/\/www.institutomacuco.com.br\/novo-site\/?page_id=581\">Read More&#8230;<\/a><\/p>\n","protected":false},"author":1,"featured_media":0,"parent":0,"menu_order":0,"comment_status":"open","ping_status":"open","template":"page-sidebar.php","meta":{"ngg_post_thumbnail":0},"acf":[],"_links":{"self":[{"href":"http:\/\/www.institutomacuco.com.br\/novo-site\/index.php?rest_route=\/wp\/v2\/pages\/581"}],"collection":[{"href":"http:\/\/www.institutomacuco.com.br\/novo-site\/index.php?rest_route=\/wp\/v2\/pages"}],"about":[{"href":"http:\/\/www.institutomacuco.com.br\/novo-site\/index.php?rest_route=\/wp\/v2\/types\/page"}],"author":[{"embeddable":true,"href":"http:\/\/www.institutomacuco.com.br\/novo-site\/index.php?rest_route=\/wp\/v2\/users\/1"}],"replies":[{"embeddable":true,"href":"http:\/\/www.institutomacuco.com.br\/novo-site\/index.php?rest_route=%2Fwp%2Fv2%2Fcomments&post=581"}],"version-history":[{"count":4,"href":"http:\/\/www.institutomacuco.com.br\/novo-site\/index.php?rest_route=\/wp\/v2\/pages\/581\/revisions"}],"predecessor-version":[{"id":1487,"href":"http:\/\/www.institutomacuco.com.br\/novo-site\/index.php?rest_route=\/wp\/v2\/pages\/581\/revisions\/1487"}],"wp:attachment":[{"href":"http:\/\/www.institutomacuco.com.br\/novo-site\/index.php?rest_route=%2Fwp%2Fv2%2Fmedia&parent=581"}],"curies":[{"name":"wp","href":"https:\/\/api.w.org\/{rel}","templated":true}]}}