{"id":646,"date":"2015-08-06T19:52:36","date_gmt":"2015-08-06T19:52:36","guid":{"rendered":"http:\/\/www.institutomacuco.com.br\/novo-site\/?page_id=646"},"modified":"2024-09-07T22:13:29","modified_gmt":"2024-09-07T22:13:29","slug":"consultores-2","status":"publish","type":"page","link":"http:\/\/www.institutomacuco.com.br\/novo-site\/?page_id=646","title":{"rendered":"Consultores"},"content":{"rendered":"<h3>Luiz Alexandre Lara<\/h3>\n<p>Arquiteto Urbanista formado em 1978 na Universidade Braz Cubas; atua com gest\u00e3o de res\u00edduos; participou de projetos sociais de urbaniza\u00e7\u00e3o; na C\u00e2mara dos Vereadores de S\u00e3o Paulo foi assessor parlamentar; organizou processos de confer\u00eancias de meio ambiente e juventude; na PMSP coordenou assessoria de assuntos metropolitanos; atuou em planos diretores municipais; projetou espa\u00e7os l\u00fadicos e \u00e9 designer gr\u00e1fico.<\/p>\n<h3>Dra. Maria Maeno<\/h3>\n<p>Pesquisadora da Fundacentro (Minist\u00e9rio do Trabalho e Emprego); Assessora do Centro Colaborador de Sa\u00fade Ocupacional da Organiza\u00e7\u00e3o Mundial da Sa\u00fade; Mestre em Sa\u00fade P\u00fablica; Membro do Centro de Refer\u00eancia em Sa\u00fade do Trabalhador do Estado de S\u00e3o Paulo de 1987 a 2006; Autora de livros e artigos sobre Sa\u00fade do Trabalhador.<\/p>\n<h3>Rachel Moreno<\/h3>\n<p>Psic\u00f3loga, formada pela Universidade de S\u00e3o Paulo (USP); Mestrado Latu sensu em Meio Ambiente e Sociedade (Funda\u00e7\u00e3o-Escola de Sociologia e Pol\u00edtica de S. Paulo) e (inc) em psicologia (USP). \u00c9 especialista em Sexualidade Humana (Sedes Sapientes); Foi presidente da ASBPM &#8211; Associa\u00e7\u00e3o Brasileira de Pesquisadores de Mercado, Opini\u00e3o e M\u00eddia. Tem mais de 30 anos de experi\u00eancia em pesquisa de mercado, de subs\u00eddio e avalia\u00e7\u00e3o de comunica\u00e7\u00e3o, pesquisas de opini\u00e3o, de avalia\u00e7\u00e3o de gest\u00e3o e de projetos, e de subs\u00eddio e acompanhamento de\/para campanhas eleitorais.<\/p>\n<h3>Dra. Clara Sete Whitaker Ferreira<\/h3>\n<p>Gradua\u00e7\u00e3o em Medicina em 1984, na Faculdade de Medicina de Paris XI; Resid\u00eancia em Medicina Preventiva e Social na Santa Casa de SP; Mestrado em Medicina no Departamento de Medicina Preventiva da USP; Especializa\u00e7\u00e3o em Gest\u00e3o da Aten\u00e7\u00e3o \u00e0 Sa\u00fade no Instituto de Ensino e Pesquisa S\u00edrio Liban\u00eas. Experi\u00eancia profissional: Assist\u00eancia medica como medica clinica em servi\u00e7os de urg\u00eancia (Fran\u00e7a, Hospital de Cotia, Pronto Socorro Central de Santos); Gest\u00e3o de servi\u00e7os de sa\u00fade nos munic\u00edpios de Santos (Pronto Socorro e Unidade B\u00e1sica de Sa\u00fade) e no HC USP (Arquivo m\u00e9dico e Estat\u00edstico); Planejamento e gest\u00e3o em n\u00edveis centrais na Secretaria Municipal de Santos (Servi\u00e7os de Urg\u00eancia), de Estado de S\u00e3o Paulo (Central de Vagas), Municipal de S\u00e3o Paulo (Coordena\u00e7\u00e3o da Assist\u00eancia Hospitalar); Planejamento e gest\u00e3o em plano de auto-gest\u00e3o da assist\u00eancia suplementar (Gerencia de Aten\u00e7\u00e3o a Sa\u00fade na CASSI SP); Consultoria no Minist\u00e9rio da Sa\u00fade (QualiSUS e Pol\u00edtica de Humaniza\u00e7\u00e3o) e em Munic\u00edpios de S\u00e3o Paulo (Amparo e Santa Cruz das Palmeiras). Atividades de doc\u00eancia: Facilitadora e co-gestora de processos educacionais no Instituto de Ensino e Pesquisa S\u00edrio Liban\u00eas (Cursos de Gest\u00e3o da Clinica em Hospitais e em Redes Metropolitanas de Sa\u00fade); Orienta\u00e7\u00e3o de TCC em cursos de Especializa\u00e7\u00e3o em Gest\u00e3o da Sa\u00fade da FUNDAP.<\/p>\n<h3><strong>Dr. Ubiratan de Paula Santos<\/strong><\/h3>\n<p>M\u00e9dico formado pela FMUSP em 1978; Resid\u00eancia em Cl\u00ednica M\u00e9dica pelo Hospital das Cl\u00ednicas da FMUSP; Curso de Especializa\u00e7\u00e3o em higiene e medicina do trabalho, Minist\u00e9rio da Sa\u00fade- It\u00e1lia, em 1985; Doutor em pneumologia pela FMUSP em 2003; M\u00e9dico assistente da Divis\u00e3o de Pneumologia do Instituto do Cora\u00e7\u00e3o-HCFMUSP e Professor colaborador da Faculdade de Medicina da USP.<\/p>\n<p>Lattes: <a href=\"http:\/\/lattes.cnpq.br\/4960853787768202\">http:\/\/lattes.cnpq.br\/4960853787768202<\/a><\/p>\n<p>&nbsp;<\/p>\n<h3>Dra. L\u00eddia Tobias Silveira<\/h3>\n<p>Possui gradua\u00e7\u00e3o em Medicina pela Universidade Federal do Par\u00e1 (1973), mestrado em Sa\u00fade P\u00fablica pela Universidade de S\u00e3o Paulo (1995) e doutorado em Doutorado em Ci\u00eancias M\u00e9dicas pela Universidade Estadual de Campinas (2003).<\/p>\n<p>Lattes: <a href=\"http:\/\/buscatextual.cnpq.br\/buscatextual\/visualizacv.do?id=K4255184E1\">http:\/\/buscatextual.cnpq.br\/buscatextual\/visualizacv.do?id=K4255184E1<\/a><\/p>\n<h3>Dra. Angela Cassia Rodrigues<\/h3>\n<p style=\"text-align: justify;\">Doutora em Sa\u00fade P\u00fablica, com p\u00f3s-doutorado em Sa\u00fade Global e Sustentabilidade -Universidade de S\u00e3o Paulo. Mestre em Engenharia de Produ\u00e7\u00e3o pela Universidade Metodista de Piracicaba. P\u00f3s-gradua\u00e7\u00e3o em Meio Ambiente e Sociedade pela Escola de Sociologia e Pol\u00edtica de S\u00e3o Paulo. Gradua\u00e7\u00e3o em Tecnologia de Constru\u00e7\u00e3o Civil (UNESP). Possui experi\u00eancia nas \u00e1reas de Gest\u00e3o de Desastres e Saneamento Ambiental, com destaque para: gest\u00e3o de res\u00edduos s\u00f3lidos e gest\u00e3o de riscos urbanos. Atuou como tutora de EAD na FGV Online. Integra o grupo de pesquisas CNPQ Controle da Polui\u00e7\u00e3o do Solo e por Res\u00edduos S\u00f3lidos. Faz parte do CEPED-SP -USP \u2013 Centro de Estudos e Pesquisas sobre Desastres da USP. \u00c9 consultora nas \u00e1reas de gest\u00e3o ambiental, gest\u00e3o de riscos urbanos e gest\u00e3o de res\u00edduos s\u00f3lidos. Possui experi\u00eancia na orienta\u00e7\u00e3o de alunos de p\u00f3s-gradua\u00e7\u00e3o e tamb\u00e9m como docente.&nbsp;Lattes:<\/p>\n<p style=\"text-align: justify;\"><a href=\"http:\/\/buscatextual.cnpq.br\/buscatextual\/visualizacv.do?id=K4750380A6\">http:\/\/buscatextual.cnpq.br\/buscatextual\/visualizacv.do?id=K4750380A6<\/a><\/p>\n<h3><strong>Renata Ferraz de Toledo<\/strong><\/h3>\n<p>Graduada em Ci\u00eancias Biol\u00f3gicas (Modalidade Licenciatura) pela UNESP, campus de Botucatu-SP (1997); Especialista em Educa\u00e7\u00e3o Ambiental pela Faculdade de Sa\u00fade P\u00fablica USP (1999); Mestre (2002) e Doutora (2006) em Sa\u00fade P\u00fablica pela Faculdade de Sa\u00fade P\u00fablica da USP. Possui P\u00f3s-doutorado pela Faculdade de Educa\u00e7\u00e3o da USP (2013). Orientadora e Professora do Programa de Mestrado Profissional Ambiente, Sa\u00fade e Sustentabilidade da Faculdade de Sa\u00fade P\u00fablica da USP. Editora adjunta da Revista Ambiente &amp; Sociedade. Professora do Curso de P\u00f3s-Gradua\u00e7\u00e3o Lato Sensu &#8211; Especializa\u00e7\u00e3o em Sa\u00fade P\u00fablica com \u00eanfase na Estrat\u00e9gia Sa\u00fade da Fam\u00edlia, do Centro Universit\u00e1rio S\u00e3o Camilo. Professora do Curso de P\u00f3s-Gradua\u00e7\u00e3o Lato Sensu &#8211; Especializa\u00e7\u00e3o Meio Ambiente e Sociedade, da Funda\u00e7\u00e3o Escola de Sociologia e Pol\u00edtica de S\u00e3o Paulo &#8211; FESP. Experi\u00eancia nas \u00e1reas de Promo\u00e7\u00e3o e Educa\u00e7\u00e3o em Sa\u00fade, Educa\u00e7\u00e3o Ambiental, Sa\u00fade Ambiental e Metodologias Participativas.<\/p>\n<p>Lattes:&nbsp;http:\/\/lattes.cnpq.br\/9353356185041966<\/p>\n","protected":false},"excerpt":{"rendered":"<p>Luiz Alexandre Lara Arquiteto Urbanista formado em 1978 na Universidade Braz Cubas; atua com gest\u00e3o de res\u00edduos; participou de projetos sociais de urbaniza\u00e7\u00e3o; na C\u00e2mara dos Vereadores de S\u00e3o Paulo foi assessor<a class=\"moretag\" href=\"http:\/\/www.institutomacuco.com.br\/novo-site\/?page_id=646\">Read More&#8230;<\/a><\/p>\n","protected":false},"author":1,"featured_media":0,"parent":581,"menu_order":0,"comment_status":"open","ping_status":"open","template":"page-sidebar.php","meta":{"ngg_post_thumbnail":0},"acf":[],"_links":{"self":[{"href":"http:\/\/www.institutomacuco.com.br\/novo-site\/index.php?rest_route=\/wp\/v2\/pages\/646"}],"collection":[{"href":"http:\/\/www.institutomacuco.com.br\/novo-site\/index.php?rest_route=\/wp\/v2\/pages"}],"about":[{"href":"http:\/\/www.institutomacuco.com.br\/novo-site\/index.php?rest_route=\/wp\/v2\/types\/page"}],"author":[{"embeddable":true,"href":"http:\/\/www.institutomacuco.com.br\/novo-site\/index.php?rest_route=\/wp\/v2\/users\/1"}],"replies":[{"embeddable":true,"href":"http:\/\/www.institutomacuco.com.br\/novo-site\/index.php?rest_route=%2Fwp%2Fv2%2Fcomments&post=646"}],"version-history":[{"count":13,"href":"http:\/\/www.institutomacuco.com.br\/novo-site\/index.php?rest_route=\/wp\/v2\/pages\/646\/revisions"}],"predecessor-version":[{"id":1562,"href":"http:\/\/www.institutomacuco.com.br\/novo-site\/index.php?rest_route=\/wp\/v2\/pages\/646\/revisions\/1562"}],"up":[{"embeddable":true,"href":"http:\/\/www.institutomacuco.com.br\/novo-site\/index.php?rest_route=\/wp\/v2\/pages\/581"}],"wp:attachment":[{"href":"http:\/\/www.institutomacuco.com.br\/novo-site\/index.php?rest_route=%2Fwp%2Fv2%2Fmedia&parent=646"}],"curies":[{"name":"wp","href":"https:\/\/api.w.org\/{rel}","templated":true}]}}