{"id":650,"date":"2015-08-06T19:57:09","date_gmt":"2015-08-06T19:57:09","guid":{"rendered":"http:\/\/www.institutomacuco.com.br\/novo-site\/?page_id=650"},"modified":"2020-11-12T00:05:39","modified_gmt":"2020-11-12T00:05:39","slug":"colaboradores-2","status":"publish","type":"page","link":"http:\/\/www.institutomacuco.com.br\/novo-site\/?page_id=650","title":{"rendered":"Colaboradores"},"content":{"rendered":"<h3>Ivan Akselrud de Seixas<\/h3>\n<p style=\"text-align: justify;\">Possui gradua\u00e7\u00e3o em Jornalismo pela Pontif\u00edcia Universidade Cat\u00f3lica de S\u00e3o Paulo (1990). Atualmente \u00e9 Presidente do Instituto de Desenvolvimento Urbano (IDU). Tem experi\u00eancia na \u00e1rea de Comunica\u00e7\u00e3o, com \u00eanfase em Jornalismo e Editora\u00e7\u00e3o. Na Presid\u00eancia do IDU organizou e realizou v\u00e1rios cursos de desenvolvimento urbano (legisla\u00e7\u00e3o urban\u00edstica, legisla\u00e7\u00e3o ambiental, projetos urban\u00edsticos e t\u00e9cnicos, projeto de comunica\u00e7\u00e3o e legisla\u00e7\u00e3o registr\u00e1ria) e encontros de desenvolvimento urbano (concession\u00e1rias de servi\u00e7os p\u00fablicos, loteamentos, \u00e1reas de risco, Estatuto da Cidade e Plano Diretor).<\/p>\n<h3>Osvaldo Aly Junior<\/h3>\n<p style=\"text-align: justify;\">Possui gradua\u00e7\u00e3o em Agronomia &#8211; Escola Superior de Agricultura Luiz de Queiroz &#8211; USP (1985) e mestrado em Mestrado em Desenvolvimento e Meio Ambiente &#8211; Programa de P\u00f3s-Gradua\u00e7\u00e3o em Meio Ambiente &#8211; USP (2000). Tem experi\u00eancia na \u00e1rea de Agronomia, \u00eanfase em Extens\u00e3o Rural, atuando principalmente nos temas: quest\u00e3o agraria, desenvolvimento rural, estado de s\u00e3o paulo, rela\u00e7\u00e3o desenvolvimento e meio ambiente, comercializa\u00e7\u00e3o, assentamentos e agricultura familiar.<\/p>\n<p>Lattes: <span style=\"color: #3366ff;\">http:\/\/buscatextual.cnpq.br\/buscatextual\/visualizacv.do?id=K4265223A1<\/span><\/p>\n<h3 class=\"nome\" tabindex=\"0\">Luciana Silveira<\/h3>\n<p>Mestra em Sociologia pelo Instituto de Filosofia e Ci\u00eancias Humanas da Universidade Estadual de Campinas (2013). Bacharel em Sociologia e Pol\u00edtica pela Funda\u00e7\u00e3o Escola de Sociologia e Pol\u00edtica de S\u00e3o Paulo (2009). Especialista em Gest\u00e3o P\u00fablica (FESPSP). Tem experi\u00eancia atuando em Sociologia Pol\u00edtica e Sociologia do Trabalho, Avalia\u00e7\u00e3o e Monitoramento de Pol\u00edticas P\u00fablicas, Gest\u00e3o P\u00fablica. Bolsista do Instituto de Pesquisa Econ\u00f4mica Aplicada (IPEA) vinculada \u00e0 Diretoria de Estudos e Pol\u00edticas do Estado, das Institui\u00e7\u00f5es e da Democracia.<\/p>\n<p>Lattes:\u00a0<a href=\"http:\/\/lattes.cnpq.br\/3933931482035115\">http:\/\/lattes.cnpq.br\/3933931482035115<\/a><\/p>\n<h3>Tatiana Tenorio Matuk<\/h3>\n<p style=\"text-align: justify;\">Mestre em Ci\u00eancias pela Faculdade de Sa\u00fade P\u00fablica &#8211; USP (Mestrado Profissional em Ambiente, Sa\u00fade e Sustentabilidade). Graduada em Nutri\u00e7\u00e3o pelo Centro Universit\u00e1rio S\u00e3o Camilo. Docente de cursos de extens\u00e3o\/p\u00f3s-gradua\u00e7\u00e3o nas \u00e1reas: Sa\u00fade P\u00fablica, Educa\u00e7\u00e3o Nutricional, Alimenta\u00e7\u00e3o e Sustentabilidade e Alimenta\u00e7\u00e3o Escolar. Nutricionista Consultora na empresa NB Nutri\u00e7\u00e3o e Bem Estar. Experi\u00eancia nas \u00e1reas de Promo\u00e7\u00e3o da Sa\u00fade, Educa\u00e7\u00e3o em Sa\u00fade, Alimenta\u00e7\u00e3o e Sustentabilidade.<\/p>\n<h3>Mara Adriana Coradello<\/h3>\n<p style=\"text-align: justify;\">Graduada em Medicina Veterin\u00e1ria pela Universidade Estadual Paulista J\u00falio de Mesquita Filho (1993) e mestrado em Zoologia pela Universidade Estadual de Santa Cruz (2009). Atualmente cursando o Mestrado Profissional Ambiente, Sa\u00fade e Sustentabilidade, atuando junto a organiza\u00e7\u00f5es do terceiro setor na \u00e1rea t\u00e9cnica e de educa\u00e7\u00e3o ambiental. Especializou-se em Agricultura Biodin\u00e2mica pelo Emerson College na Inglaterra. Possui experi\u00eancia em educa\u00e7\u00e3o no terceiro setor com \u00eanfase em projetos sociais, bem como no aux\u00edlio a coordena\u00e7\u00e3o e aplica\u00e7\u00e3o de metodologias de planejamento participativo e projetos com comunidades. Planejamento, apoio \u00e0 formaliza\u00e7\u00e3o e organiza\u00e7\u00e3o de grupos produtivos, associa\u00e7\u00f5es e cooperativas para busca de mercado, produ\u00e7\u00e3o e campanhas para certifica\u00e7\u00e3o org\u00e2nica, responsabilidade socioambiental e consumo consciente.<\/p>\n<p>Lattes:\u00a0\u00a0<span style=\"color: #0000ff;\"><a style=\"color: #0000ff;\" href=\"http:\/\/lattes.cnpq.br\/2779668341081972\">http:\/\/lattes.cnpq.br\/2779668341081972<\/a><\/span><\/p>\n<h3>\u00a0Ant\u00f4nia M\u00e1rcia Ara\u00fajo Guerra<\/h3>\n<p style=\"text-align: justify;\">Doutoranda no Programa de P\u00f3s Graduados em Servi\u00e7o Social da PUC\/SP, Mestre em Servi\u00e7o Social e Assistente Social pela PUC\/SP. Educadora Social e assessoria de projetos do NTC-PUC\/SP, militante DO MNDH &#8211; Movimento Nacional de Direitos Humanos\/SP, integrande da ACAT\/Brasil (A\u00e7\u00e3o dos Crist\u00e3os pela Aboli\u00e7\u00e3o da Tortura) e socio-fundadora do IPEDH &#8211; Instituto Popular de Educa\u00e7\u00e3o em Direitos Humanos.<\/p>\n<p>Lattes: <span style=\"color: #3366ff;\"><a style=\"color: #3366ff;\" href=\"http:\/\/buscatextual.cnpq.br\/buscatextual\/visualizacv.do?id=K4764586P1\">http:\/\/buscatextual.cnpq.br\/buscatextual\/visualizacv.do?id=K4764586P1<\/a><\/span><\/p>\n<p>&nbsp;<\/p>\n<p>&nbsp;<\/p>\n","protected":false},"excerpt":{"rendered":"<p>Ivan Akselrud de Seixas Possui gradua\u00e7\u00e3o em Jornalismo pela Pontif\u00edcia Universidade Cat\u00f3lica de S\u00e3o Paulo (1990). Atualmente \u00e9 Presidente do Instituto de Desenvolvimento Urbano (IDU). Tem experi\u00eancia na \u00e1rea de Comunica\u00e7\u00e3o, com<a class=\"moretag\" href=\"http:\/\/www.institutomacuco.com.br\/novo-site\/?page_id=650\">Read More&#8230;<\/a><\/p>\n","protected":false},"author":1,"featured_media":0,"parent":581,"menu_order":0,"comment_status":"open","ping_status":"open","template":"page-sidebar.php","meta":{"ngg_post_thumbnail":0},"acf":[],"_links":{"self":[{"href":"http:\/\/www.institutomacuco.com.br\/novo-site\/index.php?rest_route=\/wp\/v2\/pages\/650"}],"collection":[{"href":"http:\/\/www.institutomacuco.com.br\/novo-site\/index.php?rest_route=\/wp\/v2\/pages"}],"about":[{"href":"http:\/\/www.institutomacuco.com.br\/novo-site\/index.php?rest_route=\/wp\/v2\/types\/page"}],"author":[{"embeddable":true,"href":"http:\/\/www.institutomacuco.com.br\/novo-site\/index.php?rest_route=\/wp\/v2\/users\/1"}],"replies":[{"embeddable":true,"href":"http:\/\/www.institutomacuco.com.br\/novo-site\/index.php?rest_route=%2Fwp%2Fv2%2Fcomments&post=650"}],"version-history":[{"count":14,"href":"http:\/\/www.institutomacuco.com.br\/novo-site\/index.php?rest_route=\/wp\/v2\/pages\/650\/revisions"}],"predecessor-version":[{"id":1533,"href":"http:\/\/www.institutomacuco.com.br\/novo-site\/index.php?rest_route=\/wp\/v2\/pages\/650\/revisions\/1533"}],"up":[{"embeddable":true,"href":"http:\/\/www.institutomacuco.com.br\/novo-site\/index.php?rest_route=\/wp\/v2\/pages\/581"}],"wp:attachment":[{"href":"http:\/\/www.institutomacuco.com.br\/novo-site\/index.php?rest_route=%2Fwp%2Fv2%2Fmedia&parent=650"}],"curies":[{"name":"wp","href":"https:\/\/api.w.org\/{rel}","templated":true}]}}