{"id":685,"date":"2015-08-12T21:21:50","date_gmt":"2015-08-12T21:21:50","guid":{"rendered":"http:\/\/www.institutomacuco.com.br\/novo-site\/?page_id=685"},"modified":"2020-11-11T23:47:16","modified_gmt":"2020-11-11T23:47:16","slug":"parcerias-e-convenios","status":"publish","type":"page","link":"http:\/\/www.institutomacuco.com.br\/novo-site\/?page_id=685","title":{"rendered":"Parcerias"},"content":{"rendered":"<p>Conhe\u00e7a nossos parceiros:<\/p>\n<ul>\n<li>Prefeitura Municipal de S\u00e3o Paulo\/FEMA &#8211; Implanta\u00e7\u00e3o do Polo de Educa\u00e7\u00e3o Ambiental &#8220;Pinheirinho D&#8217;\u00c1gua;<\/li>\n<li>Prefeitura Municipal de S\u00e3o Paulo\/FEMA &#8211; Implanta\u00e7\u00e3o do Polo de Educa\u00e7\u00e3o Ambiental &#8220;Benem\u00e9rito Jos\u00e9 Br\u00e1s&#8221;;<\/li>\n<li>Prefeitura Municipal de S\u00e3o Paulo\/AMLURB\/ECO URBIS\/LOGA &#8211; Gest\u00e3o Contempor\u00e2nea de Res\u00edduos S\u00f3lidos<\/li>\n<li>Fundo Brasil de Direitos Humanos &#8211; Somos Todos Defensorxs<\/li>\n<li>Hospital S\u00edrio-Liban\u00eas\/Minist\u00e9rio da Sa\u00fade &#8211; Reorganiza\u00e7\u00e3o dos Laborat\u00f3rios de Sa\u00fade P\u00fablica;<\/li>\n<li>Associa\u00e7\u00e3o de Cultura, Educa\u00e7\u00e3o e Assist\u00eancia Social Santa Marcelina &#8211;\u00a0Forma\u00e7\u00e3o Para o Protagonismo Infanto-Juvenil;<\/li>\n<li>Funda\u00e7\u00e3o Escola de Sociologia e Pol\u00edtica de S\u00e3o Paulo &#8211; Assessoria em Projetos;<\/li>\n<li>Minist\u00e9rio da Justi\u00e7a\/Comiss\u00e3o da Anistia &#8211; Restaura\u00e7\u00e3o do Document\u00e1rio &#8220;Em Nome da Seguran\u00e7a Nacional&#8221;;<\/li>\n<li>Minist\u00e9rio da Justi\u00e7a\/Comiss\u00e3o da Anistia &#8211; Edi\u00e7\u00e3o do Filme Document\u00e1rio &#8220;Em nome do Esquecimento&#8221;;<\/li>\n<li>Minist\u00e9rio da Justi\u00e7a\/Comiss\u00e3o da Anistia &#8211;\u00a0Edi\u00e7\u00e3o, produ\u00e7\u00e3o e difus\u00e3o de livro, CD e exposi\u00e7\u00e3o fotogr\u00e1fica &#8220;A Vala Clandestina de Perus&#8221;<\/li>\n<li>Prefeitura Municipal de Limeira\/Funda\u00e7\u00e3o Bradesco &#8211; Educa\u00e7\u00e3o de Jovens e Adultos<\/li>\n<li>Prefeitura Municipal de Limeira &#8211;\u00a0Recupera\u00e7\u00e3o da Bacia Hidrogr\u00e1fica do Ribeir\u00e3o da Lagoa Nova;<\/li>\n<li>Prefeitura Municipal de Limeira &#8211; Participa\u00e7\u00e3o no Conselho de Defesa do Meio Ambiente<\/li>\n<li>Cons\u00f3rcio PCJ &#8211; Piracicaba, Capivari, Jundia\u00ed &#8211; Participa\u00e7\u00e3o no Conselho<\/li>\n<\/ul>\n","protected":false},"excerpt":{"rendered":"<p>Conhe\u00e7a nossos parceiros: Prefeitura Municipal de S\u00e3o Paulo\/FEMA &#8211; Implanta\u00e7\u00e3o do Polo de Educa\u00e7\u00e3o Ambiental &#8220;Pinheirinho D&#8217;\u00c1gua; Prefeitura Municipal de S\u00e3o Paulo\/FEMA &#8211; Implanta\u00e7\u00e3o do Polo de Educa\u00e7\u00e3o Ambiental &#8220;Benem\u00e9rito Jos\u00e9 Br\u00e1s&#8221;;<a class=\"moretag\" href=\"http:\/\/www.institutomacuco.com.br\/novo-site\/?page_id=685\">Read More&#8230;<\/a><\/p>\n","protected":false},"author":1,"featured_media":0,"parent":0,"menu_order":0,"comment_status":"open","ping_status":"open","template":"page-sidebar.php","meta":{"ngg_post_thumbnail":0},"acf":[],"_links":{"self":[{"href":"http:\/\/www.institutomacuco.com.br\/novo-site\/index.php?rest_route=\/wp\/v2\/pages\/685"}],"collection":[{"href":"http:\/\/www.institutomacuco.com.br\/novo-site\/index.php?rest_route=\/wp\/v2\/pages"}],"about":[{"href":"http:\/\/www.institutomacuco.com.br\/novo-site\/index.php?rest_route=\/wp\/v2\/types\/page"}],"author":[{"embeddable":true,"href":"http:\/\/www.institutomacuco.com.br\/novo-site\/index.php?rest_route=\/wp\/v2\/users\/1"}],"replies":[{"embeddable":true,"href":"http:\/\/www.institutomacuco.com.br\/novo-site\/index.php?rest_route=%2Fwp%2Fv2%2Fcomments&post=685"}],"version-history":[{"count":6,"href":"http:\/\/www.institutomacuco.com.br\/novo-site\/index.php?rest_route=\/wp\/v2\/pages\/685\/revisions"}],"predecessor-version":[{"id":1524,"href":"http:\/\/www.institutomacuco.com.br\/novo-site\/index.php?rest_route=\/wp\/v2\/pages\/685\/revisions\/1524"}],"wp:attachment":[{"href":"http:\/\/www.institutomacuco.com.br\/novo-site\/index.php?rest_route=%2Fwp%2Fv2%2Fmedia&parent=685"}],"curies":[{"name":"wp","href":"https:\/\/api.w.org\/{rel}","templated":true}]}}