{"id":760,"date":"2015-08-26T15:47:04","date_gmt":"2015-08-26T15:47:04","guid":{"rendered":"http:\/\/www.institutomacuco.com.br\/novo-site\/?page_id=760"},"modified":"2024-09-07T11:20:42","modified_gmt":"2024-09-07T11:20:42","slug":"curriculo-institucional","status":"publish","type":"page","link":"http:\/\/www.institutomacuco.com.br\/novo-site\/?page_id=760","title":{"rendered":"Curr\u00edculo Institucional"},"content":{"rendered":"<p>Instituto Macuco, com sede na cidade de S\u00e3o Paulo SP, pessoa jur\u00eddica\u00a0de direito privado, sem finalidade lucrativa, criada no ano de 2002. Trata-se de Entidade voltada para o terceiro setor, com atua\u00e7\u00e3o em atividades de educa\u00e7\u00e3o, cultura, saneamento b\u00e1sico, meio ambiente com \u00eanfase na parceria com setor p\u00fablico.<\/p>\n<p>As a\u00e7\u00f5es e atividades do Instituto Macuco s\u00e3o desenvolvidas por seus membros, que constituem sua Diretoria, al\u00e9m de contar com um corpo de consultores e colaboradores que re\u00fanem experi\u00eancias e conhecimento em diversas \u00e1reas de atua\u00e7\u00e3o. Conta ainda com volunt\u00e1rios e colaboradores vinculados a projetos espec\u00edficos e n\u00e3o possui empregados contratados e permanentes.<\/p>\n<h3>Trabalhos recentes<\/h3>\n<ul>\n<li>2022 &#8211; Elabora\u00e7\u00e3o de metodologia participativa, para a Sistematiza\u00e7\u00e3o do conte\u00fado das Confer\u00eancias Municipais e Regionais de 2022 com \u00eanfase nas a\u00e7\u00f5es de preven\u00e7\u00e3o, promo\u00e7\u00e3o e defesa de direitos de crian\u00e7as e adolescentes &#8211; Secertaria Municipal de Direitos Humanos e Cidadania de S\u00e3o Paulo.<\/li>\n<li>2020\/2021 &#8211;\u00a0Apoio \u00e0 Funda\u00e7\u00e3o Escola de Sociologia e Pol\u00edtica de S\u00e3o Paulo &#8211; FESPSP, no desenvolvimento de estudos e pesquisas referentes as rela\u00e7\u00f5es econ\u00f4micas bilaterais entre o Brasil e a China, envolvendo a parte comercial, agricultura e transa\u00e7\u00f5es<\/li>\n<li>2018\/2019 &#8211;\u00a0Organiza\u00e7\u00e3o e realiza\u00e7\u00e3o em parceria com a FUNDACENTRO do V e VI Congresso Internacional de Ci\u00eancias do Trabalho, Meio Ambiente, Direito e Sa\u00fade.<\/li>\n<li>2016\/2017 \u2013 \u201cECOPONTO\u201d \u2013 Elabora\u00e7\u00e3o do projeto arquitet\u00f4nico e implanta\u00e7\u00e3o do ECOPONTO para res\u00edduos da constru\u00e7\u00e3o civil.<\/li>\n<li>2016 \u2013 \u201cIV Congresso Internacional de Ci\u00eancia do Trabalho, Meio Ambiente, Direito e Sa\u00fade\u201d \u2013 Organiza\u00e7\u00e3o e apoio junto a FUNDACENTRO e o MPT Minist\u00e9rio P\u00fablico do Trabalho para a realiza\u00e7\u00e3o do evento.<\/li>\n<li>2015\/2016 &#8211; &#8220;Implanta\u00e7\u00e3o do Polo de Educa\u00e7\u00e3o Ambiental &#8211; Parque Pinheirinho D&#8217;\u00c1gua\/Pirituba Jaragu\u00e1 &#8211; Parque Benem\u00e9rito Jos\u00e9 Br\u00e1s\/Mooca\/Br\u00e1s &#8211; Projetos selecionados Edital FEMA 11\/2014 &#8211; Conv\u00eanio firmado com a Prefeitura Municipal de S\u00e3o Paulo\/Secretaria Verde e Meio Ambiente;<\/li>\n<li>2015 &#8211; &#8220;Gest\u00e3o contempor\u00e2nea dos res\u00edduos s\u00f3lidos&#8221; &#8211; Nova era para a destina\u00e7\u00e3o adequada do lixo gerado na cidade de S\u00e3o Paulo &#8211; 1a. edi\u00e7\u00e3o de Livro &#8211; ISBN 978 85-65977-01-2;<\/li>\n<li id=\"ecxext-gen2878\">2014 \u2013 \u201cProte\u00e7\u00e3o de Defensores (as) de Direitos Humanos\u201d \u2013 parceria com a Funda\u00e7\u00e3o Fundo Brasil de Direitos Humanos \u2013 Produ\u00e7\u00e3o de document\u00e1rio e cartilha sobre Defensores (as) em Direitos Humanos;<\/li>\n<li>2014\/2013 \u2013 \u201cApoio \u00e0 Reorganiza\u00e7\u00e3o dos Laborat\u00f3rios de Sa\u00fade P\u00fablica\u201d \u2013 parceria com Hospital S\u00edrio Liban\u00eas\/Minist\u00e9rio da Sa\u00fade;<\/li>\n<li>2013\/2012 \u2013 \u201cForma\u00e7\u00e3o Para o Protagonismo Infanto-Juvenil\u201d \u2013 parceria com a Associa\u00e7\u00e3o de Cultura, Educa\u00e7\u00e3o e Assist\u00eancia Social Santa Marcelina. Fortalecer a Rede de Prote\u00e7\u00e3o Social da crian\u00e7a e do adolescente, a partir da atua\u00e7\u00e3o pol\u00edtico-pedag\u00f3gica com os (as) alunos (as) de distintos territ\u00f3rios da Cidade de S\u00e3o Paulo;<\/li>\n<li>2012 \u2013 \u201cEm Nome da Seguran\u00e7a Nacional\u201d \u2013 Comiss\u00e3o da Anistia\/Minist\u00e9rio da Justi\u00e7a \u2013 Projeto Marcas da Mem\u00f3ria. Restaura\u00e7\u00e3o do document\u00e1rio dirigido por Renato Tapaj\u00f3s, durante a realiza\u00e7\u00e3o do Tribunal Tiradentes e o julgamento da Lei de Seguran\u00e7a Nacional, ocorrido em 1982;<\/li>\n<li id=\"ecxext-gen2889\">2012 \u2013 \u201cO Fim do Esquecimento\u201d \u2013 Comiss\u00e3o da Anistia\/Minist\u00e9rio da Justi\u00e7a \u2013 Projeto Marcas da Mem\u00f3ria. Edi\u00e7\u00e3o de filme\/document\u00e1rio dirigido por Renato Tapaj\u00f3s para retomar a quest\u00e3o da Doutrina de Seguran\u00e7a Nacional, depois de tr\u00eas d\u00e9cadas \u2013 Investiga os resqu\u00edcios daquela doutrina nos dias de hoje, aborda a tentativa das classes dominantes de promover o esquecimento dos graves fatos ocorridos durante a ditadura;<\/li>\n<li id=\"ecxext-gen2890\">2012 \u2013 \u201cA Vala Clandestina de Perus\u201d \u2013 Comiss\u00e3o da Anistia do Minist\u00e9rio da Justi\u00e7a \u2013 Projeto Marcas da Mem\u00f3ria. Edi\u00e7\u00e3o, produ\u00e7\u00e3o e difus\u00e3o de livro, CD e exposi\u00e7\u00e3o fotogr\u00e1fica sobre a descoberta da Vala Clandestina do Cemit\u00e9rio Dom Bosco (bairro de Perus) e o trabalho da CPI instalada na C\u00e2mara Municipal de S\u00e3o Paulo em 1990 para investigar a origem de mais de mil ossadas ali encontradas.<\/li>\n<\/ul>\n<h3>Outros trabalhos desenvolvidos pelo Instituto Macuco<\/h3>\n<ul>\n<li>Programa de Recupera\u00e7\u00e3o da Bacia Hidrogr\u00e1fica do Ribeir\u00e3o da Lagoa Nova \u2013 Limeira\/SP \u2013 2003\/2005;<\/li>\n<li>Apoio a Capacita\u00e7\u00e3o de Gestores Municipais no Processo de Planejamento Regional \u2013 parceria com a FESPSP\/Funda\u00e7\u00e3o Escola de Sociologia e Pol\u00edtica de S\u00e3o Paulo. Promover a aproxima\u00e7\u00e3o dos sujeitos atuantes na estrutura de governan\u00e7a regional com as ferramentas de planejamento existentes;<\/li>\n<li>\u00a0Apoio a realiza\u00e7\u00e3o da II COMPIR \u2013 Confer\u00eancia Municipal de Promo\u00e7\u00e3o e Igualdade Racial \u2013 Parceria com FESPSP\/Funda\u00e7\u00e3o Escola de Sociologia e Pol\u00edtica de S\u00e3o Paulo. Realiza\u00e7\u00e3o, sistematiza\u00e7\u00e3o e contribui\u00e7\u00e3o para a revis\u00e3o do Plano Municipal;<\/li>\n<li>Apoio a elabora\u00e7\u00e3o da Agenda Estadual de Emprego e Trabalho Decente \u2013 Parceria com a FESPSP\/Funda\u00e7\u00e3o Escola de Sociologia e Pol\u00edtica de S\u00e3o Paulo;<\/li>\n<li>Educa\u00e7\u00e3o de Jovens e Adultos \u2013 EJA, \u2013 Parceria com a Prefeitura de Limeira e a Funda\u00e7\u00e3o Bradesco \u2013 2007\/ 2010;<\/li>\n<li>Membro participante, representante da Sociedade Civil no Conselho Municipal de Meio Ambiente do Munic\u00edpio de Limeira \u2013 2009\/2010;<\/li>\n<li>Membro participante, representante das entidades de Preserva\u00e7\u00e3o Ambiental junto ao Conselho Municipal de Planejamento de Limeira\/SP \u2013 2011;<\/li>\n<li>Representante das entidades n\u00e3o governamentais junto ao Cons\u00f3rcio dos Rios Piracicaba, Capivari e Jundia\u00ed.<\/li>\n<\/ul>\n","protected":false},"excerpt":{"rendered":"<p>Instituto Macuco, com sede na cidade de S\u00e3o Paulo SP, pessoa jur\u00eddica\u00a0de direito privado, sem finalidade lucrativa, criada no ano de 2002. Trata-se de Entidade voltada para o terceiro setor, com atua\u00e7\u00e3o<a class=\"moretag\" href=\"http:\/\/www.institutomacuco.com.br\/novo-site\/?page_id=760\">Read More&#8230;<\/a><\/p>\n","protected":false},"author":1,"featured_media":0,"parent":0,"menu_order":0,"comment_status":"open","ping_status":"open","template":"page-sidebar.php","meta":{"ngg_post_thumbnail":0},"acf":[],"_links":{"self":[{"href":"http:\/\/www.institutomacuco.com.br\/novo-site\/index.php?rest_route=\/wp\/v2\/pages\/760"}],"collection":[{"href":"http:\/\/www.institutomacuco.com.br\/novo-site\/index.php?rest_route=\/wp\/v2\/pages"}],"about":[{"href":"http:\/\/www.institutomacuco.com.br\/novo-site\/index.php?rest_route=\/wp\/v2\/types\/page"}],"author":[{"embeddable":true,"href":"http:\/\/www.institutomacuco.com.br\/novo-site\/index.php?rest_route=\/wp\/v2\/users\/1"}],"replies":[{"embeddable":true,"href":"http:\/\/www.institutomacuco.com.br\/novo-site\/index.php?rest_route=%2Fwp%2Fv2%2Fcomments&post=760"}],"version-history":[{"count":12,"href":"http:\/\/www.institutomacuco.com.br\/novo-site\/index.php?rest_route=\/wp\/v2\/pages\/760\/revisions"}],"predecessor-version":[{"id":1542,"href":"http:\/\/www.institutomacuco.com.br\/novo-site\/index.php?rest_route=\/wp\/v2\/pages\/760\/revisions\/1542"}],"wp:attachment":[{"href":"http:\/\/www.institutomacuco.com.br\/novo-site\/index.php?rest_route=%2Fwp%2Fv2%2Fmedia&parent=760"}],"curies":[{"name":"wp","href":"https:\/\/api.w.org\/{rel}","templated":true}]}}