{"id":765,"date":"2015-08-26T15:55:03","date_gmt":"2015-08-26T15:55:03","guid":{"rendered":"http:\/\/www.institutomacuco.com.br\/novo-site\/?page_id=765"},"modified":"2024-09-07T22:14:59","modified_gmt":"2024-09-07T22:14:59","slug":"expediente","status":"publish","type":"page","link":"http:\/\/www.institutomacuco.com.br\/novo-site\/?page_id=765","title":{"rendered":"Expediente"},"content":{"rendered":"<h2>&nbsp;Processo Seletivo Interno 001\/12 &#8211; Auxiliar Administrativo<\/h2>\n<p><a href=\"http:\/\/www.institutomacuco.com.br\/pdf\/PSI_001_12_-_AUX_ADM.pdf\">PSI 001.12 &#8211; AUX. ADM.<\/a><\/p>\n<h2>Processo Seletivo Interno 002\/12 &#8211; T\u00e9cnico Administrativo Financeiro<\/h2>\n<p><a href=\"http:\/\/www.institutomacuco.com.br\/pdf\/PSI_002_12_-_TEC_ADM_FINANCEIRO.pdf\">PSI 002.12 &#8211; TEC. ADM. FIN.<\/a><\/p>\n<h2>Processo Seletivo Interno 003\/12 &#8211; Assistente de Produ\u00e7\u00e3o<\/h2>\n<p><a href=\"http:\/\/www.institutomacuco.com.br\/pdf\/PSI_003_12_-_ASSIST_PROD.pdf\">PSI 003.12 &#8211; ASSIST. PROD.<\/a><\/p>\n<h2>Processo Seletivo Interno 004\/12 &#8211; Coordenador Executivo<\/h2>\n<p><a href=\"http:\/\/www.institutomacuco.com.br\/pdf\/PSI_004_12_-_COORD_EXEC.pdf\">PSI 004.12 &#8211; COORD. EXEC.<\/a><\/p>\n<h2>Processo Seletivo Interno 005\/12 &#8211; Auxiliar Administrativo<\/h2>\n<p><a href=\"http:\/\/www.institutomacuco.com.br\/pdf\/PSI_005_12_-_AUX_ADM.pdf\">PSI 005.12 &#8211; AUX. ADM.<\/a><\/p>\n<h2>Processo Seletivo Interno 006\/12 &#8211; Coordenador Executivo<\/h2>\n<p><a href=\"http:\/\/www.institutomacuco.com.br\/pdf\/PSI_006_12_-_COORD_EXEC.pdf\">PSI 006.12 &#8211; COORD. EXEC.<\/a><\/p>\n<h2>Processo Seletivo Interno 007\/12 &#8211; T\u00e9cnico Administrativo Financeiro<\/h2>\n<p><a href=\"http:\/\/www.institutomacuco.com.br\/pdf\/PSI_007_12_-_TEC_ADM_FINAN.pdf\">PSI 007.12 &#8211; TEC. ADM. FIN.<\/a><\/p>\n<h2>Convite 001\/12 &#8211; Contrata\u00e7\u00e3o de Produtora Cinematogr\u00e1fica<\/h2>\n<p><a href=\"http:\/\/www.institutomacuco.com.br\/pdf\/FILME_-_CV_001_12_-_PRODUTORA.pdf\">FILME &#8211; CV 001.12 &#8211; PRODUTORA<\/a><\/p>\n<h2>Convite 002\/12 &#8211; Contrata\u00e7\u00e3o de Restauro de Imagens<\/h2>\n<p><a href=\"http:\/\/www.institutomacuco.com.br\/pdf\/FILME_-_CV_002_12_-_IMAGEM.pdf\">FILME &#8211; CV 002.12 &#8211; IMAGEM<\/a><\/p>\n<h2>Convite 003\/12 &#8211; Contrata\u00e7\u00e3o de Restaura\u00e7\u00e3o de \u00c1udio<\/h2>\n<p><a href=\"http:\/\/www.institutomacuco.com.br\/pdf\/CONVITE_003_12_-_REST_AUDIO.pdf\">CONVITE 003.12 &#8211; REST. \u00c1UDIO<\/a><\/p>\n<h2>Convite 004\/12 &#8211; Contrata\u00e7\u00e3o de Projeto Gr\u00e1fico<\/h2>\n<p><a href=\"http:\/\/www.institutomacuco.com.br\/pdf\/CONVITE_004_12_-_PROJETO_GRAFICO.pdf\">CONVITE 004.12 &#8211; PROJETO GR\u00c1FICO<\/a><\/p>\n<h2>Convite 006\/12 &#8211; Contrata\u00e7\u00e3o de Biombos, Pain\u00e9is e Banners<\/h2>\n<p><a href=\"http:\/\/www.institutomacuco.com.br\/pdf\/CONVITE_006_12_-_BIOMBOS_PAINEIS_E_BANNERS.pdf\">CONVITE 006.12 &#8211; BIOMBOS, PAIN\u00c9IS E BANNERS<\/a><\/p>\n","protected":false},"excerpt":{"rendered":"<p>&nbsp;Processo Seletivo Interno 001\/12 &#8211; Auxiliar Administrativo PSI 001.12 &#8211; AUX. ADM. Processo Seletivo Interno 002\/12 &#8211; T\u00e9cnico Administrativo Financeiro PSI 002.12 &#8211; TEC. ADM. FIN. Processo Seletivo Interno 003\/12 &#8211; Assistente<a class=\"moretag\" href=\"http:\/\/www.institutomacuco.com.br\/novo-site\/?page_id=765\">Read More&#8230;<\/a><\/p>\n","protected":false},"author":1,"featured_media":0,"parent":0,"menu_order":0,"comment_status":"open","ping_status":"open","template":"page-sidebar.php","meta":{"ngg_post_thumbnail":0},"acf":[],"_links":{"self":[{"href":"http:\/\/www.institutomacuco.com.br\/novo-site\/index.php?rest_route=\/wp\/v2\/pages\/765"}],"collection":[{"href":"http:\/\/www.institutomacuco.com.br\/novo-site\/index.php?rest_route=\/wp\/v2\/pages"}],"about":[{"href":"http:\/\/www.institutomacuco.com.br\/novo-site\/index.php?rest_route=\/wp\/v2\/types\/page"}],"author":[{"embeddable":true,"href":"http:\/\/www.institutomacuco.com.br\/novo-site\/index.php?rest_route=\/wp\/v2\/users\/1"}],"replies":[{"embeddable":true,"href":"http:\/\/www.institutomacuco.com.br\/novo-site\/index.php?rest_route=%2Fwp%2Fv2%2Fcomments&post=765"}],"version-history":[{"count":5,"href":"http:\/\/www.institutomacuco.com.br\/novo-site\/index.php?rest_route=\/wp\/v2\/pages\/765\/revisions"}],"predecessor-version":[{"id":1563,"href":"http:\/\/www.institutomacuco.com.br\/novo-site\/index.php?rest_route=\/wp\/v2\/pages\/765\/revisions\/1563"}],"wp:attachment":[{"href":"http:\/\/www.institutomacuco.com.br\/novo-site\/index.php?rest_route=%2Fwp%2Fv2%2Fmedia&parent=765"}],"curies":[{"name":"wp","href":"https:\/\/api.w.org\/{rel}","templated":true}]}}